{"id":184,"date":"2018-09-28T20:05:23","date_gmt":"2018-09-28T20:05:23","guid":{"rendered":"http:\/\/www.regresniterapiestrakonice.cz\/?page_id=184"},"modified":"2020-01-31T18:31:12","modified_gmt":"2020-01-31T18:31:12","slug":"atopicky-ekzem","status":"publish","type":"page","link":"https:\/\/www.regresniterapiestrakonice.cz\/index.php\/regresni-terapie\/pribehy-ze-sezeni\/atopicky-ekzem\/","title":{"rendered":"Atopick\u00fd ekz\u00e9m"},"content":{"rendered":"<div class=\"\" data-block=\"true\" data-editor=\"eer2h\" data-offset-key=\"fooff-0-0\">\n<div class=\"_1mf _1mj\" data-offset-key=\"fooff-0-0\"><span data-offset-key=\"fooff-0-0\">P\u0159i\u0161la za mnou klientka, kter\u00e1 trp\u00ed atopick\u00fdm ekz\u00e9mem po cel\u00e9m t\u011ble, a\u017e na obli\u010dej.<\/span><\/div>\n<\/div>\n<div class=\"\" data-block=\"true\" data-editor=\"eer2h\" data-offset-key=\"2jf9a-0-0\">\n<div class=\"_1mf _1mj\" data-offset-key=\"2jf9a-0-0\"><span data-offset-key=\"2jf9a-0-0\">\u00a0<\/span><\/div>\n<\/div>\n<div class=\"\" data-block=\"true\" data-editor=\"eer2h\" data-offset-key=\"9lfnr-0-0\">\n<div class=\"_1mf _1mj\" data-offset-key=\"9lfnr-0-0\"><span data-offset-key=\"9lfnr-0-0\">\u201eZkou\u0161ela jsem u\u017e v\u0161e, masti\u010dky, koupele, l\u00e9ky a n\u011bkolikr\u00e1t jsem skon\u010dila na kortikoidech. M\u00e1m ho od mala, co si v\u016fbec pamatuju, ob\u010das to polevilo, ale posledn\u00edch p\u00e1r let, to m\u00e1m v\u0161ude po t\u011ble a u\u017e takhle d\u00e1l nechci \u017e\u00edt.\u201c<\/span><\/div>\n<\/div>\n<div class=\"\" data-block=\"true\" data-editor=\"eer2h\" data-offset-key=\"d12q0-0-0\">\n<div class=\"_1mf _1mj\" data-offset-key=\"d12q0-0-0\"><span data-offset-key=\"d12q0-0-0\">\u00a0<\/span><\/div>\n<\/div>\n<div class=\"\" data-block=\"true\" data-editor=\"eer2h\" data-offset-key=\"4flj8-0-0\">\n<div class=\"_1mf _1mj\" data-offset-key=\"4flj8-0-0\"><span data-offset-key=\"4flj8-0-0\">Prvn\u00ed sezen\u00ed:<\/span><\/div>\n<\/div>\n<div class=\"\" data-block=\"true\" data-editor=\"eer2h\" data-offset-key=\"f4928-0-0\">\n<div class=\"_1mf _1mj\" data-offset-key=\"f4928-0-0\"><span data-offset-key=\"f4928-0-0\">\u00a0<\/span><\/div>\n<\/div>\n<div class=\"\" data-block=\"true\" data-editor=\"eer2h\" data-offset-key=\"5iotb-0-0\">\n<div class=\"_1mf _1mj\" data-offset-key=\"5iotb-0-0\"><span data-offset-key=\"5iotb-0-0\">(kdy naposledy jsi m\u011bla tento pocit sv\u011bd\u011bn\u00ed?) Te\u010f, po\u0159\u00e1d, celej \u017eivot, trv\u00e1 to u\u017e 30 let.<\/span><\/div>\n<\/div>\n<div class=\"\" data-block=\"true\" data-editor=\"eer2h\" data-offset-key=\"brl0g-0-0\">\n<div class=\"_1mf _1mj\" data-offset-key=\"brl0g-0-0\"><span data-offset-key=\"brl0g-0-0\">\u00a0<\/span><\/div>\n<\/div>\n<div class=\"\" data-block=\"true\" data-editor=\"eer2h\" data-offset-key=\"9foes-0-0\">\n<div class=\"_1mf _1mj\" data-offset-key=\"9foes-0-0\"><span data-offset-key=\"9foes-0-0\">(jdi na za\u010d\u00e1tek ud\u00e1losti a \u0159ekni mi co vid\u00ed\u0161) Nevim, co vid\u00edm. Je tu t\u011bsno, ale teplo.<\/span><\/div>\n<\/div>\n<div class=\"\" data-block=\"true\" data-editor=\"eer2h\" data-offset-key=\"7mitc-0-0\">\n<div class=\"_1mf _1mj\" data-offset-key=\"7mitc-0-0\"><span data-offset-key=\"7mitc-0-0\">\u00a0<\/span><\/div>\n<\/div>\n<div class=\"\" data-block=\"true\" data-editor=\"eer2h\" data-offset-key=\"cijeg-0-0\">\n<div class=\"_1mf _1mj\" data-offset-key=\"cijeg-0-0\"><span data-offset-key=\"cijeg-0-0\">\/J\u00e1 u\u017e jsem tu\u0161ila, \u017ee jsme v prenat\u00e1lu\/ a pokl\u00e1d\u00e1m otz. (Kolik ti tam je let?) Ty jo, nic, nevim\u2026. \/po chvilce, kterou jsem j\u00ed dop\u0159\u00e1la\/ J\u00e1 je\u0161t\u011b nejsem narozen\u00e1, jsem v b\u0159\u00ed\u0161ku.(To jsi si p\u011bkn\u011b uv\u011bdomila, co se d\u011bje d\u00e1l?) Je tu t\u011bsno, ale teplou\u010dko, je mi tu dob\u0159e, u\u017e m\u011b to tu nebav\u00ed, za\u010d\u00edn\u00e1 mn\u011b n\u011bco tla\u010dit, tla\u010d\u00ed mne to dop\u0159edu, ja se asi narod\u00edm, te\u010f je mi zima, voda, n\u00e9\u00e9\u00e9 f\u016f\u016f\u016fj, \/m\u00e1 siln\u00fd pro\u017e\u00edv\u00e1n\u00ed\/ a ta sest\u0159i\u010dka, v\u016fbec se mnou nezach\u00e1z\u00ed hezky, j\u00e1 chci k m\u00e1m\u011b, ja chci k m\u00e1m\u011b, m\u00e1 m\u011b r\u00e1da, ale ten pan doktor se mi l\u00edb\u00ed, \/v\u0161e \u0159\u00edk\u00e1 jako mal\u00e9 miminko a uculuje se\/ jsem u maminky, tady je mi hej, pro\u010d mn\u011b n\u011bkam zase vezou?!!!, jsem sv\u00e1zan\u00e1 jak mumie, pro\u010d?!!!, ten sv\u011bt je ale hnusnej, jsem unaven\u00e1, j\u00e9 d\u011bda, toho jsem hledala, j\u00e1 ho zn\u00e1m, to je on, jsme u\u017e doma, m\u00e1ma je v kuchyni, ten t\u00e1ta plive takov\u00fd kuli\u010dky, nel\u00edb\u00ed se mi to, m\u00e1ma je ne\u0161\u0165astn\u00e1 s n\u00edm, on odch\u00e1z\u00ed, kdy\u017e ty kuli\u010dky plive, tak mn\u011b sv\u011bd\u00ed cel\u00fd t\u011blo, to je hrozn\u00fd, ale jak odch\u00e1z\u00ed, tak to p\u0159est\u00e1v\u00e1, j\u00e9 d\u011bda, ale taky mne sv\u011bd\u00ed t\u011blo. \/u d\u011bdy se objevilo dal\u0161\u00ed t\u00e9ma a t\u00edm je jeho odchod z tohoto sv\u011bta.<\/span><\/div>\n<\/div>\n<div class=\"\" data-block=\"true\" data-editor=\"eer2h\" data-offset-key=\"drjka-0-0\">\n<div class=\"_1mf _1mj\" data-offset-key=\"drjka-0-0\"><span data-offset-key=\"drjka-0-0\">\u00a0<\/span><\/div>\n<\/div>\n<div class=\"\" data-block=\"true\" data-editor=\"eer2h\" data-offset-key=\"3iii0-0-0\">\n<div class=\"_1mf _1mj\" data-offset-key=\"3iii0-0-0\"><span data-offset-key=\"3iii0-0-0\">\u00a0<\/span><\/div>\n<\/div>\n<div class=\"\" data-block=\"true\" data-editor=\"eer2h\" data-offset-key=\"5ns3t-0-0\">\n<div class=\"_1mf _1mj\" data-offset-key=\"5ns3t-0-0\"><span data-offset-key=\"5ns3t-0-0\">Sv\u011bd\u00ed mne cel\u00fd t\u011blo, to je hrozn\u00fd, a\u0165 u\u017e to p\u0159estane. \/Rozj\u00ed\u017ed\u011bly se j\u00ed dal\u0161\u00ed ud\u00e1losti\/<\/span><\/div>\n<\/div>\n<div class=\"\" data-block=\"true\" data-editor=\"eer2h\" data-offset-key=\"em7qe-0-0\">\n<div class=\"_1mf _1mj\" data-offset-key=\"em7qe-0-0\"><span data-offset-key=\"em7qe-0-0\">\u00a0<\/span><\/div>\n<\/div>\n<div class=\"\" data-block=\"true\" data-editor=\"eer2h\" data-offset-key=\"32nhi-0-0\">\n<div class=\"_1mf _1mj\" data-offset-key=\"32nhi-0-0\"><span data-offset-key=\"32nhi-0-0\">(jdi k ud\u00e1losti, kde m\u00e1\u0161 toto sv\u011bd\u011bn\u00ed t\u011bla)<\/span><\/div>\n<\/div>\n<div class=\"\" data-block=\"true\" data-editor=\"eer2h\" data-offset-key=\"bnsju-0-0\">\n<div class=\"_1mf _1mj\" data-offset-key=\"bnsju-0-0\"><span data-offset-key=\"bnsju-0-0\">\u00a0<\/span><\/div>\n<\/div>\n<div class=\"\" data-block=\"true\" data-editor=\"eer2h\" data-offset-key=\"cqjte-0-0\">\n<div class=\"_1mf _1mj\" data-offset-key=\"cqjte-0-0\"><span data-offset-key=\"cqjte-0-0\">Noo, je to 1825 a jsem n\u011bkdo, m\u00e1m na sob\u011b cilindr, jdu n\u011bkam d\u00e1t pen\u00edze, m\u00e1m velkej d\u016fm, je to pal\u00e1c, \u017eivot je takovej nudnej, jsem smutnej, \u017eiju s\u00e1m, m\u00e1m n\u011bco s rukou, je obv\u00e1zan\u00e1, nevim co d\u00e1l, m\u00e1m tam n\u011bjak\u00fd holky, sp\u00edm s nimi, nejsem moc hodnej na n\u011b, vlastn\u011b se k nim chov\u00e1m hnusn\u011b, nechci u\u017e \u017e\u00edt, m\u00e1m tam n\u011bjakej smutek, jsem smutnej, um\u00edr\u00e1m.<\/span><\/div>\n<\/div>\n<div class=\"\" data-block=\"true\" data-editor=\"eer2h\" data-offset-key=\"2dveu-0-0\">\n<div class=\"_1mf _1mj\" data-offset-key=\"2dveu-0-0\"><span data-offset-key=\"2dveu-0-0\">\u00a0<\/span><\/div>\n<\/div>\n<div class=\"\" data-block=\"true\" data-editor=\"eer2h\" data-offset-key=\"58o8j-0-0\">\n<div class=\"_1mf _1mj\" data-offset-key=\"58o8j-0-0\"><span data-offset-key=\"58o8j-0-0\">(za\u010dala tato ud\u00e1lost n\u011bkde d\u0159\u00edve?) Ano, jsem na lodi, vrac\u00edm se dom\u016f, t\u011b\u0161\u00edm se na rodinu, jsem doma, m\u00e1m dceru, je m\u00e1m \u017eenu. Ta \u017eena je moje sou\u010dasn\u00fd d\u00edt\u011b, tak je kr\u00e1sn\u00e1. Je noc, jdeme sp\u00e1t, c\u00edt\u00edm kou\u0159, ona vyb\u00edh\u00e1 do druh\u00e9ho k\u0159\u00eddla, tam ho\u0159\u00ed, vyb\u00edh\u00e1v\u00e1m ven, nezastavil jsem j\u00ed, pane bo\u017ee, on tam uho\u0159eli, proto c\u00edt\u00edm ten smutek.\/ud\u00e1lost jsme zase proch\u00e1zeli, a\u017e do doby kdy bylo pot\u0159eba\/<\/span><\/div>\n<\/div>\n<div class=\"\" data-block=\"true\" data-editor=\"eer2h\" data-offset-key=\"cmt02-0-0\">\n<div class=\"_1mf _1mj\" data-offset-key=\"cmt02-0-0\"><span data-offset-key=\"cmt02-0-0\">\u00a0<\/span><\/div>\n<\/div>\n<div class=\"\" data-block=\"true\" data-editor=\"eer2h\" data-offset-key=\"2b6o-0-0\">\n<div class=\"_1mf _1mj\" data-offset-key=\"2b6o-0-0\"><span data-offset-key=\"2b6o-0-0\">D\u00e1le jsme zpracov\u00e1valy je\u0161t\u011b jeden \u017eivot, kde klientka byla mal\u00fdm d\u00edt\u011btem.<\/span><\/div>\n<\/div>\n<div class=\"\" data-block=\"true\" data-editor=\"eer2h\" data-offset-key=\"8atem-0-0\">\n<div class=\"_1mf _1mj\" data-offset-key=\"8atem-0-0\"><span data-offset-key=\"8atem-0-0\">\u00a0<\/span><\/div>\n<\/div>\n<div class=\"\" data-block=\"true\" data-editor=\"eer2h\" data-offset-key=\"dg9d8-0-0\">\n<div class=\"_1mf _1mj\" data-offset-key=\"dg9d8-0-0\"><span data-offset-key=\"dg9d8-0-0\">1905, je mi 13let, jsem v lese,to je hrozny, h\u00e1\u017eou na n\u011bjak\u00fdho psa kameny, ut\u00edk\u00e1m pry\u010d, te\u010f jsem v n\u011bjak\u00e9 zahrad\u011b, kradu tam ovoce, m\u00e1m hlad. Jdu dom\u016f, le\u017e\u00edm v posteli v\u0161echno m\u011b sv\u011bd\u00ed, jsem \u0161pinav\u00e1, n\u011bco se d\u011bje, \u0161patn\u011b se mi d\u00fdch\u00e1, kou\u0159, hrozn\u011b to bol\u00ed, je mi hrozn\u00fd vedro, cel\u00e1 ho\u0159\u00edm, jsem mimo t\u011blo, nevim na n\u011bco tady \u010dek\u00e1m. (jak dlouho tam \u010dek\u00e1\u0161?)asi 20 let, jsem po\u0159\u00e1d v tom dom\u011b,bydli tu n\u011bkdo jin\u00fd, naru\u0161ujou mi to tu, te\u010f nic nevid\u00edm, \u2026 j\u00e1 jsem na n\u011b zl\u00e1, stra\u0161\u00edm je, nem\u00e1m t\u011blo, te\u010f vid\u00edm n\u011bjak\u00e9 sv\u011btlo, tady ho\u0159\u00ed, pom\u00e1h\u00e1m jim ven, vzbudila jsem je, jsem mimo d\u016fm, jdu nahoru, jsem \u0161\u0165asn\u00e1 ve sv\u011btle.<\/span><\/div>\n<\/div>\n<div class=\"\" data-block=\"true\" data-editor=\"eer2h\" data-offset-key=\"6hku6-0-0\">\n<div class=\"_1mf _1mj\" data-offset-key=\"6hku6-0-0\"><span data-offset-key=\"6hku6-0-0\">\u00a0<\/span><\/div>\n<\/div>\n<div class=\"\" data-block=\"true\" data-editor=\"eer2h\" data-offset-key=\"aldog-0-0\">\n<div class=\"_1mf _1mj\" data-offset-key=\"aldog-0-0\"><span data-offset-key=\"aldog-0-0\">Z\u00e1v\u011br: neuv\u011b\u0159iteln\u00fd, logick\u00fd.<\/span><\/div>\n<\/div>\n<div class=\"\" data-block=\"true\" data-editor=\"eer2h\" data-offset-key=\"ac7nk-0-0\">\n<div class=\"_1mf _1mj\" data-offset-key=\"ac7nk-0-0\"><span data-offset-key=\"ac7nk-0-0\">\u00a0<\/span><\/div>\n<\/div>\n<div class=\"\" data-block=\"true\" data-editor=\"eer2h\" data-offset-key=\"a8ihp-0-0\">\n<div class=\"_1mf _1mj\" data-offset-key=\"a8ihp-0-0\"><span data-offset-key=\"a8ihp-0-0\">Druh\u00e9 sezen\u00ed:<\/span><\/div>\n<\/div>\n<div class=\"\" data-block=\"true\" data-editor=\"eer2h\" data-offset-key=\"bqd9l-0-0\">\n<div class=\"_1mf _1mj\" data-offset-key=\"bqd9l-0-0\"><span data-offset-key=\"bqd9l-0-0\">\u00a0<\/span><\/div>\n<\/div>\n<div class=\"\" data-block=\"true\" data-editor=\"eer2h\" data-offset-key=\"f4v5b-0-0\">\n<div class=\"_1mf _1mj\" data-offset-key=\"f4v5b-0-0\"><span data-offset-key=\"f4v5b-0-0\">Je rok 1623, je mi 18 let, je tam hodn\u011b lid\u00ed, \u0159\u00edk\u00e1m jim jak l\u00e9\u010dit nemoci, te\u010f jsou tam vlci, j\u00e1 s nimi mluv\u00edm, lidem se to nel\u00edb\u00ed, s jedn\u00edm jsme p\u0159\u00e1tel\u00e9, \u017eiju bokem od lid\u00ed, m\u00e1m r\u00e1da p\u0159\u00edrodu, zn\u00e1m rostliny, je tu n\u011bjak\u00fd mu\u017e, n\u011bco za\u0159\u00edk\u00e1v\u00e1m, chci jeho l\u00e1sku, lidi si na mne ukazujou prstem, dos\u00e1hla jsem sv\u00e9ho, m\u00e1m ho, potkala jsem jin\u00e9ho mu\u017ee, pot\u0159ebuju se ho zbavit, nejde to, m\u00edch\u00e1m byliny, otr\u00e1vila jsem ho, v\u00edm, \u017ee to nen\u00ed spr\u00e1vn\u00fd, jdu n\u011bjakou uli\u010dkou, stojim na hranici, jsem \u010darod\u011bjnice, ozna\u010dili mne tak, upalujou mne, nejde to, maj mokr\u00fd d\u0159evo, ten kou\u0159, \/ka\u0161le\/ bol\u00ed to, je t hrozn\u00fd vedro, nem\u016f\u017eu se h\u00fdbat, um\u0159ela jsem, jdu s and\u011blem nahoru.<\/span><\/div>\n<\/div>\n<div class=\"\" data-block=\"true\" data-editor=\"eer2h\" data-offset-key=\"3obdi-0-0\">\n<div class=\"_1mf _1mj\" data-offset-key=\"3obdi-0-0\"><span data-offset-key=\"3obdi-0-0\">\u00a0<\/span><\/div>\n<\/div>\n<div class=\"\" data-block=\"true\" data-editor=\"eer2h\" data-offset-key=\"5m91d-0-0\">\n<div class=\"_1mf _1mj\" data-offset-key=\"5m91d-0-0\"><span data-offset-key=\"5m91d-0-0\">Z\u00e1v\u011br po druh\u00fdm sezen\u00ed: C\u00edt\u00edm se leh\u010deji, p\u0159estali mne bolet z\u00e1da, m\u00e1m dobrou n\u00e1ladu.<\/span><\/div>\n<\/div>\n<div class=\"\" data-block=\"true\" data-editor=\"eer2h\" data-offset-key=\"2hp16-0-0\">\n<div class=\"_1mf _1mj\" data-offset-key=\"2hp16-0-0\"><i><b>\u201eV\u0161ichni v okol\u00ed se div\u00ed, jsou p\u0159ekvapeni, jsem skoro bez atopick\u00e9ho ekz\u00e9mu. Je\u0161t\u011b m\u00e1m p\u00e1r fl\u00ed\u010dk\u016f po t\u011ble, mo\u017en\u00e1 k V\u00e1m p\u0159ijdu i v plavk\u00e1ch, nemus\u00edm se styd\u011bt.\u201c<\/b><\/i><\/div>\n<\/div>\n","protected":false},"excerpt":{"rendered":"<p>P\u0159i\u0161la za mnou klientka, kter\u00e1 trp\u00ed atopick\u00fdm ekz\u00e9mem po cel\u00e9m t\u011ble, a\u017e na obli\u010dej. \u00a0 \u201eZkou\u0161ela jsem u\u017e v\u0161e, masti\u010dky, koupele, l\u00e9ky a n\u011bkolikr\u00e1t jsem skon\u010dila na kortikoidech. M\u00e1m ho od mala, co si v\u016fbec pamatuju, ob\u010das to polevilo, ale posledn\u00edch p\u00e1r let, to m\u00e1m v\u0161ude po t\u011ble a u\u017e takhle d\u00e1l nechci \u017e\u00edt.\u201c \u00a0 [&hellip;]<\/p>\n","protected":false},"author":1,"featured_media":0,"parent":61,"menu_order":11,"comment_status":"closed","ping_status":"closed","template":"","meta":{"footnotes":""},"class_list":["post-184","page","type-page","status-publish","hentry"],"_links":{"self":[{"href":"https:\/\/www.regresniterapiestrakonice.cz\/index.php\/wp-json\/wp\/v2\/pages\/184","targetHints":{"allow":["GET"]}}],"collection":[{"href":"https:\/\/www.regresniterapiestrakonice.cz\/index.php\/wp-json\/wp\/v2\/pages"}],"about":[{"href":"https:\/\/www.regresniterapiestrakonice.cz\/index.php\/wp-json\/wp\/v2\/types\/page"}],"author":[{"embeddable":true,"href":"https:\/\/www.regresniterapiestrakonice.cz\/index.php\/wp-json\/wp\/v2\/users\/1"}],"replies":[{"embeddable":true,"href":"https:\/\/www.regresniterapiestrakonice.cz\/index.php\/wp-json\/wp\/v2\/comments?post=184"}],"version-history":[{"count":3,"href":"https:\/\/www.regresniterapiestrakonice.cz\/index.php\/wp-json\/wp\/v2\/pages\/184\/revisions"}],"predecessor-version":[{"id":373,"href":"https:\/\/www.regresniterapiestrakonice.cz\/index.php\/wp-json\/wp\/v2\/pages\/184\/revisions\/373"}],"up":[{"embeddable":true,"href":"https:\/\/www.regresniterapiestrakonice.cz\/index.php\/wp-json\/wp\/v2\/pages\/61"}],"wp:attachment":[{"href":"https:\/\/www.regresniterapiestrakonice.cz\/index.php\/wp-json\/wp\/v2\/media?parent=184"}],"curies":[{"name":"wp","href":"https:\/\/api.w.org\/{rel}","templated":true}]}}